{"id":10,"date":"2017-09-25T09:44:57","date_gmt":"2017-09-25T07:44:57","guid":{"rendered":"https:\/\/sav.cenconnect.fr\/?page_id=10"},"modified":"2018-10-12T10:39:50","modified_gmt":"2018-10-12T08:39:50","slug":"aide-et-informations","status":"publish","type":"page","link":"https:\/\/sav.cenconnect.fr\/","title":{"rendered":"Aide et informations"},"content":{"rendered":"<p>[vc_row full_content_width=\u00a0\u00bbrow-inner-full\u00a0\u00bb row_height_type=\u00a0\u00bbfixed_height\u00a0\u00bb height=\u00a0\u00bb50%\u00a0\u00bb bg_type=\u00a0\u00bbimage\u00a0\u00bb parallax_bg=\u00a0\u00bbparallax-bg\u00a0\u00bb speed=\u00a0\u00bb0.50&Prime; bg_cover=\u00a0\u00bbcover\u00a0\u00bb bg_position=\u00a0\u00bbCenter top\u00a0\u00bb bg_color=\u00a0\u00bb#a3b1b4&Prime; bg_image=\u00a0\u00bb11&Prime;][vc_column][vc_empty_space height=\u00a0\u00bb10px\u00a0\u00bb][vc_icon icon_fontawesome=\u00a0\u00bbfa fa-question-circle-o\u00a0\u00bb color=\u00a0\u00bbcustom\u00a0\u00bb size=\u00a0\u00bbxl\u00a0\u00bb align=\u00a0\u00bbcenter\u00a0\u00bb custom_color=\u00a0\u00bb#687a84&Prime;][vc_heading h_size=\u00a0\u00bbh-extralarge\u00a0\u00bb title=\u00a0\u00bbAide &amp; Informations\u00a0\u00bb title_color=\u00a0\u00bb#687a84&Prime;][\/vc_column][\/vc_row][vc_row full_content_width=\u00a0\u00bbrow-inner-full\u00a0\u00bb row_height_type=\u00a0\u00bbfixed_height\u00a0\u00bb height=\u00a0\u00bb50%\u00a0\u00bb bg_type=\u00a0\u00bbimage\u00a0\u00bb parallax_bg=\u00a0\u00bbparallax-bg\u00a0\u00bb speed=\u00a0\u00bb0.50&Prime; bg_cover=\u00a0\u00bbcover\u00a0\u00bb bg_position=\u00a0\u00bbCenter top\u00a0\u00bb bg_color=\u00a0\u00bb#a3b1b4&Prime; bg_image=\u00a0\u00bb11&Prime; overlay_color=\u00a0\u00bbrgba(255,255,255,0.9)\u00a0\u00bb section_id=\u00a0\u00bbcontact\u00a0\u00bb][vc_column width=\u00a0\u00bb1\/4&Prime;][\/vc_column][vc_column textalign=\u00a0\u00bbcenter\u00a0\u00bb width=\u00a0\u00bb1\/2&Prime;][vc_heading title=\u00a0\u00bbContact service technique\u00a0\u00bb][vc_empty_space height=\u00a0\u00bb30px\u00a0\u00bb]<div role=\"form\" class=\"wpcf7\" id=\"wpcf7-f14-o1\" lang=\"fr-FR\" dir=\"ltr\">\n<div class=\"screen-reader-response\"><p role=\"status\" aria-live=\"polite\" aria-atomic=\"true\"><\/p> <ul><\/ul><\/div>\n<form action=\"\/index.php?rest_route=%2Fwp%2Fv2%2Fpages%2F10#wpcf7-f14-o1\" method=\"post\" class=\"wpcf7-form init\" novalidate=\"novalidate\" data-status=\"init\">\n<div style=\"display: none;\">\n<input type=\"hidden\" name=\"_wpcf7\" value=\"14\" \/>\n<input type=\"hidden\" name=\"_wpcf7_version\" value=\"5.4\" \/>\n<input type=\"hidden\" name=\"_wpcf7_locale\" value=\"fr_FR\" \/>\n<input type=\"hidden\" name=\"_wpcf7_unit_tag\" value=\"wpcf7-f14-o1\" \/>\n<input type=\"hidden\" name=\"_wpcf7_container_post\" value=\"0\" \/>\n<input type=\"hidden\" name=\"_wpcf7_posted_data_hash\" value=\"\" \/>\n<\/div>\n<p><label> Votre nom (obligatoire)<br \/>\n    <span class=\"wpcf7-form-control-wrap your-name\"><input type=\"text\" name=\"your-name\" value=\"\" size=\"40\" class=\"wpcf7-form-control wpcf7-text wpcf7-validates-as-required\" aria-required=\"true\" aria-invalid=\"false\" \/><\/span> <\/label><\/p>\n<p><label> Votre e-mail (obligatoire)<br \/>\n    <span class=\"wpcf7-form-control-wrap your-email\"><input type=\"email\" name=\"your-email\" value=\"\" size=\"40\" class=\"wpcf7-form-control wpcf7-text wpcf7-email wpcf7-validates-as-required wpcf7-validates-as-email\" aria-required=\"true\" aria-invalid=\"false\" \/><\/span> <\/label><\/p>\n<p><label> Nom de l'\u00e9tude (obligatoire)<br \/>\n<span class=\"wpcf7-form-control-wrap etude\"><input type=\"text\" name=\"etude\" value=\"\" size=\"40\" class=\"wpcf7-form-control wpcf7-text wpcf7-validates-as-required\" aria-required=\"true\" aria-invalid=\"false\" \/><\/span><\/label><\/p>\n<p><label> Sujet<br \/>\n    <span class=\"wpcf7-form-control-wrap your-subject\"><input type=\"text\" name=\"your-subject\" value=\"\" size=\"40\" class=\"wpcf7-form-control wpcf7-text\" aria-invalid=\"false\" \/><\/span> <\/label><\/p>\n<p><label> Votre message<br \/>\n    <span class=\"wpcf7-form-control-wrap your-message\"><textarea name=\"your-message\" cols=\"40\" rows=\"10\" class=\"wpcf7-form-control wpcf7-textarea\" aria-invalid=\"false\"><\/textarea><\/span> <\/label><\/p>\n<p><input type=\"submit\" value=\"Envoyer\" class=\"wpcf7-form-control wpcf7-submit\" \/><\/p>\n<div class=\"wpcf7-response-output\" aria-hidden=\"true\"><\/div><\/form><\/div>[\/vc_column][vc_column width=\u00a0\u00bb1\/4&Prime;][\/vc_column][\/vc_row][vc_row section_id=\u00a0\u00bbcgu\u00a0\u00bb][vc_column][vc_heading title=\u00a0\u00bbEngagement de confidentialit\u00e9\u00a0\u00bb][vc_empty_space height=\u00a0\u00bb30px\u00a0\u00bb][vc_column_text]<\/p>\n<h5 id=\"infocollect\">Donn\u00e9es que nous collectons<\/h5>\n<p>L&rsquo;application NursTrial est un syst\u00e8me de recueil \u00e9lectronique de donn\u00e9es appel\u00e9 e-CRF.<br \/>\nDans le cadre d&rsquo;une \u00e9tude clinique ou observationnelle, cette application permet \u00e0 un soignant ou un patient de nous communiquer des informations via un formulaire personnalis\u00e9.<\/p>\n<p>Afin d&rsquo;assurer un fonctionnement optimale de l&rsquo;application, des donn\u00e9es relatives \u00e0 l&rsquo;appareil (\u00e9tat du r\u00e9seau et la version du syst\u00e8me d&rsquo;exploitation) sont analys\u00e9es automatiquement. Cependant, aucune donn\u00e9e nominative sur l&rsquo;appareil n&rsquo;est transmise afin de pr\u00e9server l&rsquo;anonymat du patient.<\/p>\n<p>Vous pouvez consulter notre <a href=\"https:\/\/www.groupecen.com\/wp-content\/uploads\/2018\/07\/POLITIQUE_DE_CONFIDENTIALITE_CEN_GESTION_0.9.pdf\" target=\"_blank\" rel=\"noopener\">politique de confidentialit\u00e9 en suivant ce lien<\/a>.<\/p>\n<h5>Protection des donn\u00e9es nominatives relatives aux soignants<\/h5>\n<p>Les donn\u00e9es nominatives administratives des soignants enqu\u00eateurs seront recueillies et maintenues par CEN Biotech dans une base de donn\u00e9es d\u00e9clar\u00e9e conform\u00e9ment \u00e0 la loi \u00ab Informatique et Libert\u00e9s \u00bb. Le soignant enqu\u00eateur est inform\u00e9 par le protocole de l&rsquo;\u00e9tude de la nature des donn\u00e9es recueillies le concernant. Pour ces donn\u00e9es, le soignant enqu\u00eateur peut exercer \u00e0 tout moment son droit d\u2019acc\u00e8s et de rectification.<\/p>\n<h5>Protection des donn\u00e9es relatives aux patients<\/h5>\n<p>Pour chaque nouveau patient le syst\u00e8me g\u00e9n\u00e8re al\u00e9atoirement\u00a0 un num\u00e9ro de suivi. La correspondance entre le num\u00e9ro de suivi du patient et son identit\u00e9 est uniquement connu par le soignant en charge du patient.<\/p>\n<p>La vie priv\u00e9e du patient est prot\u00e9g\u00e9e. <strong>Les donn\u00e9es trait\u00e9es par CEN Biotech dans le cadre de l&rsquo;\u00e9tude ne sont pas nominatives.<\/strong>[\/vc_column_text][\/vc_column][\/vc_row]<\/p>\n","protected":false},"excerpt":{"rendered":"<p>[vc_row full_content_width=\u00a0\u00bbrow-inner-full\u00a0\u00bb row_height_type=\u00a0\u00bbfixed_height\u00a0\u00bb height=\u00a0\u00bb50%\u00a0\u00bb bg_type=\u00a0\u00bbimage\u00a0\u00bb parallax_bg=\u00a0\u00bbparallax-bg\u00a0\u00bb speed=\u00a0\u00bb0.50&Prime; bg_cover=\u00a0\u00bbcover\u00a0\u00bb bg_position=\u00a0\u00bbCenter top\u00a0\u00bb bg_color=\u00a0\u00bb#a3b1b4&Prime; bg_image=\u00a0\u00bb11&Prime;][vc_column][vc_empty_space height=\u00a0\u00bb10px\u00a0\u00bb][vc_icon icon_fontawesome=\u00a0\u00bbfa fa-question-circle-o\u00a0\u00bb color=\u00a0\u00bbcustom\u00a0\u00bb size=\u00a0\u00bbxl\u00a0\u00bb align=\u00a0\u00bbcenter\u00a0\u00bb custom_color=\u00a0\u00bb#687a84&Prime;][vc_heading h_size=\u00a0\u00bbh-extralarge\u00a0\u00bb title=\u00a0\u00bbAide &amp; Informations\u00a0\u00bb title_color=\u00a0\u00bb#687a84&Prime;][\/vc_column][\/vc_row][vc_row full_content_width=\u00a0\u00bbrow-inner-full\u00a0\u00bb row_height_type=\u00a0\u00bbfixed_height\u00a0\u00bb height=\u00a0\u00bb50%\u00a0\u00bb bg_type=\u00a0\u00bbimage\u00a0\u00bb parallax_bg=\u00a0\u00bbparallax-bg\u00a0\u00bb speed=\u00a0\u00bb0.50&Prime; bg_cover=\u00a0\u00bbcover\u00a0\u00bb bg_position=\u00a0\u00bbCenter top\u00a0\u00bb bg_color=\u00a0\u00bb#a3b1b4&Prime; bg_image=\u00a0\u00bb11&Prime; overlay_color=\u00a0\u00bbrgba(255,255,255,0.9)\u00a0\u00bb section_id=\u00a0\u00bbcontact\u00a0\u00bb][vc_column width=\u00a0\u00bb1\/4&Prime;][\/vc_column][vc_column textalign=\u00a0\u00bbcenter\u00a0\u00bb width=\u00a0\u00bb1\/2&Prime;][vc_heading title=\u00a0\u00bbContact service technique\u00a0\u00bb][vc_empty_space height=\u00a0\u00bb30px\u00a0\u00bb][\/vc_column][vc_column width=\u00a0\u00bb1\/4&Prime;][\/vc_column][\/vc_row][vc_row section_id=\u00a0\u00bbcgu\u00a0\u00bb][vc_column][vc_heading title=\u00a0\u00bbEngagement de confidentialit\u00e9\u00a0\u00bb][vc_empty_space height=\u00a0\u00bb30px\u00a0\u00bb][vc_column_text] Donn\u00e9es que nous collectons L&rsquo;application NursTrial est un syst\u00e8me de recueil \u00e9lectronique de donn\u00e9es appel\u00e9 e-CRF. Dans le cadre d&rsquo;une \u00e9tude clinique ou observationnelle, cette&#8230;  <\/p>\n<div class=\"read-more\"><a class=\"excerpt-read-more\" href=\"https:\/\/sav.cenconnect.fr\/\" title=\"Continue reading Aide et informations\">Read more<i class=\"fa fa-angle-right\"><\/i><\/a><\/div>\n","protected":false},"author":1,"featured_media":0,"parent":0,"menu_order":0,"comment_status":"closed","ping_status":"closed","template":"page-full-width.php","meta":[],"_links":{"self":[{"href":"https:\/\/sav.cenconnect.fr\/index.php?rest_route=\/wp\/v2\/pages\/10"}],"collection":[{"href":"https:\/\/sav.cenconnect.fr\/index.php?rest_route=\/wp\/v2\/pages"}],"about":[{"href":"https:\/\/sav.cenconnect.fr\/index.php?rest_route=\/wp\/v2\/types\/page"}],"author":[{"embeddable":true,"href":"https:\/\/sav.cenconnect.fr\/index.php?rest_route=\/wp\/v2\/users\/1"}],"replies":[{"embeddable":true,"href":"https:\/\/sav.cenconnect.fr\/index.php?rest_route=%2Fwp%2Fv2%2Fcomments&post=10"}],"version-history":[{"count":20,"href":"https:\/\/sav.cenconnect.fr\/index.php?rest_route=\/wp\/v2\/pages\/10\/revisions"}],"predecessor-version":[{"id":41,"href":"https:\/\/sav.cenconnect.fr\/index.php?rest_route=\/wp\/v2\/pages\/10\/revisions\/41"}],"wp:attachment":[{"href":"https:\/\/sav.cenconnect.fr\/index.php?rest_route=%2Fwp%2Fv2%2Fmedia&parent=10"}],"curies":[{"name":"wp","href":"https:\/\/api.w.org\/{rel}","templated":true}]}}